{"id":587,"date":"2026-01-08T10:15:41","date_gmt":"2026-01-08T09:15:41","guid":{"rendered":"https:\/\/www.andreia.at\/imprint\/"},"modified":"2026-01-12T15:13:27","modified_gmt":"2026-01-12T14:13:27","slug":"imprint","status":"publish","type":"page","link":"https:\/\/www.andreia.at\/en\/imprint\/","title":{"rendered":"Imprint"},"content":{"rendered":"\t\t<div data-elementor-type=\"wp-page\" data-elementor-id=\"587\" class=\"elementor elementor-587 elementor-198\" data-elementor-post-type=\"page\">\n\t\t\t\t<div class=\"elementor-element elementor-element-b8c6bf8 e-con-full e-flex e-con e-parent\" data-id=\"b8c6bf8\" data-element_type=\"container\" data-e-type=\"container\">\n\t\t<div class=\"elementor-element elementor-element-e52ce82 e-con-full e-flex e-con e-child\" data-id=\"e52ce82\" data-element_type=\"container\" data-e-type=\"container\" data-settings=\"{&quot;background_background&quot;:&quot;classic&quot;}\">\n\t\t\t\t<div class=\"elementor-element elementor-element-5af5920 elementor-widget elementor-widget-heading\" data-id=\"5af5920\" data-element_type=\"widget\" data-e-type=\"widget\" data-widget_type=\"heading.default\">\n\t\t\t\t\t<h1 class=\"elementor-heading-title elementor-size-default\">Imprint<\/h1>\t\t\t\t<\/div>\n\t\t\t\t<div class=\"elementor-element elementor-element-2c771a5 elementor-widget elementor-widget-text-editor\" data-id=\"2c771a5\" data-element_type=\"widget\" data-e-type=\"widget\" data-widget_type=\"text-editor.default\">\n\t\t\t\t\t\t\t\t\t<p><strong>Disclosure according to \u00a7\u00a7 24f MedienG<\/strong><\/p><p><strong>Institut Viehauser \u2013 Art &amp; Culture Association for the Promotion of Healthcare<br><\/strong>Eckpergasse 39\u201341, 1180 Vienna, Austria<br>ZVR number: 1833085161<\/p><p><strong>Legal form:<\/strong><br>Non-profit association<\/p><p><strong>Registered office:<\/strong><br>Vienna<\/p><p><strong>Registration authority:<\/strong><br>Vienna State Police Department<br>Department for Association and Assembly Matters<\/p><p><strong>Organ authorized to represent the association<br><\/strong>Association President: Mag. Andrea Viehauser<\/p><p>Telephone: <a href=\"tel:+4366488462037\">+43 664 88462037<\/a><br>E-mail: <a href=\"mailto:office@andreia.at\">office@andreia.at<\/a><br>Website: <a href=\"http:\/\/www.andreia.at\">www.andreia.at<\/a><\/p><p><b>Basic direction of the association<br><\/b>(in the sense of the Associations Act)<\/p><p>The purpose of the association is to promote the health-promoting common good.<br>The association is dedicated to non-profit research, education and awareness-raising in the field of mental, emotional and spiritual health, as well as the development of mindful and responsible lifestyles.<\/p><p><b>Media owner<br><\/b>Institut Viehauser \u2013 Art &amp; Culture Association for the Promotion of Healthcare<br>Eckpergasse 39\u201341, 1180 Vienna, Austria<\/p><p><strong>Webdesign<\/strong> by <a href=\"https:\/\/www.socialized.at\" target=\"_blank\" rel=\"noopener\">Socialized<\/a><\/p>\t\t\t\t\t\t\t\t<\/div>\n\t\t\t\t<\/div>\n\t\t<div class=\"elementor-element elementor-element-4778e39 e-con-full elementor-hidden-mobile e-flex e-con e-child\" data-id=\"4778e39\" data-element_type=\"container\" data-e-type=\"container\" data-settings=\"{&quot;background_background&quot;:&quot;gradient&quot;}\">\n\t\t\t\t<div class=\"elementor-element elementor-element-031308f elementor-widget elementor-widget-image\" data-id=\"031308f\" data-element_type=\"widget\" data-e-type=\"widget\" data-widget_type=\"image.default\">\n\t\t\t\t\t\t\t\t\t\t\t\t\t\t\t\t<a href=\"https:\/\/www.andreia.at\/en\/\">\n\t\t\t\t\t\t\t<img fetchpriority=\"high\" decoding=\"async\" width=\"1024\" height=\"1024\" src=\"https:\/\/www.andreia.at\/wp-content\/uploads\/2026\/01\/ANDREIA-White-BG-Favicon-1024x1024.png\" class=\"attachment-large size-large wp-image-595\" alt=\"\" srcset=\"https:\/\/www.andreia.at\/wp-content\/uploads\/2026\/01\/ANDREIA-White-BG-Favicon-1024x1024.png 1024w, https:\/\/www.andreia.at\/wp-content\/uploads\/2026\/01\/ANDREIA-White-BG-Favicon-300x300.png 300w, https:\/\/www.andreia.at\/wp-content\/uploads\/2026\/01\/ANDREIA-White-BG-Favicon-150x150.png 150w, https:\/\/www.andreia.at\/wp-content\/uploads\/2026\/01\/ANDREIA-White-BG-Favicon-768x768.png 768w, https:\/\/www.andreia.at\/wp-content\/uploads\/2026\/01\/ANDREIA-White-BG-Favicon-1536x1536.png 1536w, https:\/\/www.andreia.at\/wp-content\/uploads\/2026\/01\/ANDREIA-White-BG-Favicon-2048x2048.png 2048w\" sizes=\"(max-width: 1024px) 100vw, 1024px\" \/>\t\t\t\t\t\t\t\t<\/a>\n\t\t\t\t\t\t\t\t\t\t\t\t\t\t\t<\/div>\n\t\t\t\t<\/div>\n\t\t\t\t<\/div>\n\t\t\t\t<\/div>\n\t\t","protected":false},"excerpt":{"rendered":"<p>Disclosure according to \u00a7\u00a7 24f MedienG Institut Viehauser \u2013 Art &amp; Culture Association for the Promotion of HealthcareEckpergasse 39\u201341, 1180 Vienna, AustriaZVR number: 1833085161 Legal form:Non-profit association Registered office:Vienna Registration authority:Vienna State Police DepartmentDepartment for Association and Assembly Matters Organ authorized to represent the associationAssociation President: Mag. Andrea Viehauser Telephone: +43 664 88462037E-mail: office@andreia.atWebsite: www.andreia.at&hellip;&nbsp;<\/p>\n","protected":false},"author":2,"featured_media":0,"parent":0,"menu_order":0,"comment_status":"closed","ping_status":"closed","template":"page-templates\/template-pagebuilder-full-width.php","meta":{"neve_meta_sidebar":"","neve_meta_container":"","neve_meta_enable_content_width":"","neve_meta_content_width":0,"neve_meta_title_alignment":"","neve_meta_author_avatar":"","neve_post_elements_order":"","neve_meta_disable_header":"","neve_meta_disable_footer":"","neve_meta_disable_title":"","neve_meta_reading_time":"","footnotes":""},"class_list":["post-587","page","type-page","status-publish","hentry"],"yoast_head":"<!-- This site is optimized with the Yoast SEO plugin v27.3 - https:\/\/yoast.com\/product\/yoast-seo-wordpress\/ -->\n<title>Imprint - Andre\u00eda - Mut f\u00fcr bewusste \u00dcberg\u00e4nge<\/title>\n<meta name=\"robots\" content=\"index, follow, max-snippet:-1, max-image-preview:large, max-video-preview:-1\" \/>\n<link rel=\"canonical\" href=\"https:\/\/www.andreia.at\/en\/imprint\/\" \/>\n<meta property=\"og:locale\" content=\"en_US\" \/>\n<meta property=\"og:type\" content=\"article\" \/>\n<meta property=\"og:title\" content=\"Imprint - Andre\u00eda - Mut f\u00fcr bewusste \u00dcberg\u00e4nge\" \/>\n<meta property=\"og:description\" content=\"Disclosure according to \u00a7\u00a7 24f MedienG Institut Viehauser \u2013 Art &amp; Culture Association for the Promotion of HealthcareEckpergasse 39\u201341, 1180 Vienna, AustriaZVR number: 1833085161 Legal form:Non-profit association Registered office:Vienna Registration authority:Vienna State Police DepartmentDepartment for Association and Assembly Matters Organ authorized to represent the associationAssociation President: Mag. Andrea Viehauser Telephone: +43 664 88462037E-mail: office@andreia.atWebsite: www.andreia.at&hellip;&nbsp;\" \/>\n<meta property=\"og:url\" content=\"https:\/\/www.andreia.at\/en\/imprint\/\" \/>\n<meta property=\"og:site_name\" content=\"Andre\u00eda - Mut f\u00fcr bewusste \u00dcberg\u00e4nge\" \/>\n<meta property=\"article:modified_time\" content=\"2026-01-12T14:13:27+00:00\" \/>\n<meta property=\"og:image\" content=\"https:\/\/www.andreia.at\/wp-content\/uploads\/2026\/01\/ANDREIA-White-BG-Favicon-scaled.png\" \/>\n\t<meta property=\"og:image:width\" content=\"2560\" \/>\n\t<meta property=\"og:image:height\" content=\"2560\" \/>\n\t<meta property=\"og:image:type\" content=\"image\/png\" \/>\n<meta name=\"twitter:card\" content=\"summary_large_image\" \/>\n<meta name=\"twitter:label1\" content=\"Est. reading time\" \/>\n\t<meta name=\"twitter:data1\" content=\"1 minute\" \/>\n<script type=\"application\/ld+json\" class=\"yoast-schema-graph\">{\"@context\":\"https:\\\/\\\/schema.org\",\"@graph\":[{\"@type\":\"WebPage\",\"@id\":\"https:\\\/\\\/www.andreia.at\\\/en\\\/imprint\\\/\",\"url\":\"https:\\\/\\\/www.andreia.at\\\/en\\\/imprint\\\/\",\"name\":\"Imprint - Andre\u00eda - Mut f\u00fcr bewusste \u00dcberg\u00e4nge\",\"isPartOf\":{\"@id\":\"https:\\\/\\\/www.andreia.at\\\/en\\\/#website\"},\"primaryImageOfPage\":{\"@id\":\"https:\\\/\\\/www.andreia.at\\\/en\\\/imprint\\\/#primaryimage\"},\"image\":{\"@id\":\"https:\\\/\\\/www.andreia.at\\\/en\\\/imprint\\\/#primaryimage\"},\"thumbnailUrl\":\"https:\\\/\\\/www.andreia.at\\\/wp-content\\\/uploads\\\/2026\\\/01\\\/ANDREIA-White-BG-Favicon-1024x1024.png\",\"datePublished\":\"2026-01-08T09:15:41+00:00\",\"dateModified\":\"2026-01-12T14:13:27+00:00\",\"breadcrumb\":{\"@id\":\"https:\\\/\\\/www.andreia.at\\\/en\\\/imprint\\\/#breadcrumb\"},\"inLanguage\":\"en-US\",\"potentialAction\":[{\"@type\":\"ReadAction\",\"target\":[\"https:\\\/\\\/www.andreia.at\\\/en\\\/imprint\\\/\"]}]},{\"@type\":\"ImageObject\",\"inLanguage\":\"en-US\",\"@id\":\"https:\\\/\\\/www.andreia.at\\\/en\\\/imprint\\\/#primaryimage\",\"url\":\"https:\\\/\\\/www.andreia.at\\\/wp-content\\\/uploads\\\/2026\\\/01\\\/ANDREIA-White-BG-Favicon-1024x1024.png\",\"contentUrl\":\"https:\\\/\\\/www.andreia.at\\\/wp-content\\\/uploads\\\/2026\\\/01\\\/ANDREIA-White-BG-Favicon-1024x1024.png\"},{\"@type\":\"BreadcrumbList\",\"@id\":\"https:\\\/\\\/www.andreia.at\\\/en\\\/imprint\\\/#breadcrumb\",\"itemListElement\":[{\"@type\":\"ListItem\",\"position\":1,\"name\":\"Start\",\"item\":\"https:\\\/\\\/www.andreia.at\\\/en\\\/home\\\/\"},{\"@type\":\"ListItem\",\"position\":2,\"name\":\"Imprint\"}]},{\"@type\":\"WebSite\",\"@id\":\"https:\\\/\\\/www.andreia.at\\\/en\\\/#website\",\"url\":\"https:\\\/\\\/www.andreia.at\\\/en\\\/\",\"name\":\"Andre\u00eda - Mut f\u00fcr bewusste \u00dcberg\u00e4nge\",\"description\":\"Bewusstseinserweiternde Substanzen\",\"publisher\":{\"@id\":\"https:\\\/\\\/www.andreia.at\\\/en\\\/#organization\"},\"potentialAction\":[{\"@type\":\"SearchAction\",\"target\":{\"@type\":\"EntryPoint\",\"urlTemplate\":\"https:\\\/\\\/www.andreia.at\\\/en\\\/?s={search_term_string}\"},\"query-input\":{\"@type\":\"PropertyValueSpecification\",\"valueRequired\":true,\"valueName\":\"search_term_string\"}}],\"inLanguage\":\"en-US\"},{\"@type\":\"Organization\",\"@id\":\"https:\\\/\\\/www.andreia.at\\\/en\\\/#organization\",\"name\":\"Andre\u00eda - Mut f\u00fcr bewusste \u00dcberg\u00e4nge\",\"url\":\"https:\\\/\\\/www.andreia.at\\\/en\\\/\",\"logo\":{\"@type\":\"ImageObject\",\"inLanguage\":\"en-US\",\"@id\":\"https:\\\/\\\/www.andreia.at\\\/en\\\/#\\\/schema\\\/logo\\\/image\\\/\",\"url\":\"https:\\\/\\\/www.andreia.at\\\/wp-content\\\/uploads\\\/2026\\\/01\\\/ANDREIA-4-EN-quer-scaled.png\",\"contentUrl\":\"https:\\\/\\\/www.andreia.at\\\/wp-content\\\/uploads\\\/2026\\\/01\\\/ANDREIA-4-EN-quer-scaled.png\",\"width\":2560,\"height\":881,\"caption\":\"Andre\u00eda - Mut f\u00fcr bewusste \u00dcberg\u00e4nge\"},\"image\":{\"@id\":\"https:\\\/\\\/www.andreia.at\\\/en\\\/#\\\/schema\\\/logo\\\/image\\\/\"}}]}<\/script>\n<!-- \/ Yoast SEO plugin. -->","yoast_head_json":{"title":"Imprint - Andre\u00eda - Mut f\u00fcr bewusste \u00dcberg\u00e4nge","robots":{"index":"index","follow":"follow","max-snippet":"max-snippet:-1","max-image-preview":"max-image-preview:large","max-video-preview":"max-video-preview:-1"},"canonical":"https:\/\/www.andreia.at\/en\/imprint\/","og_locale":"en_US","og_type":"article","og_title":"Imprint - Andre\u00eda - Mut f\u00fcr bewusste \u00dcberg\u00e4nge","og_description":"Disclosure according to \u00a7\u00a7 24f MedienG Institut Viehauser \u2013 Art &amp; Culture Association for the Promotion of HealthcareEckpergasse 39\u201341, 1180 Vienna, AustriaZVR number: 1833085161 Legal form:Non-profit association Registered office:Vienna Registration authority:Vienna State Police DepartmentDepartment for Association and Assembly Matters Organ authorized to represent the associationAssociation President: Mag. Andrea Viehauser Telephone: +43 664 88462037E-mail: office@andreia.atWebsite: www.andreia.at&hellip;&nbsp;","og_url":"https:\/\/www.andreia.at\/en\/imprint\/","og_site_name":"Andre\u00eda - Mut f\u00fcr bewusste \u00dcberg\u00e4nge","article_modified_time":"2026-01-12T14:13:27+00:00","og_image":[{"width":2560,"height":2560,"url":"https:\/\/www.andreia.at\/wp-content\/uploads\/2026\/01\/ANDREIA-White-BG-Favicon-scaled.png","type":"image\/png"}],"twitter_card":"summary_large_image","twitter_misc":{"Est. reading time":"1 minute"},"schema":{"@context":"https:\/\/schema.org","@graph":[{"@type":"WebPage","@id":"https:\/\/www.andreia.at\/en\/imprint\/","url":"https:\/\/www.andreia.at\/en\/imprint\/","name":"Imprint - Andre\u00eda - Mut f\u00fcr bewusste \u00dcberg\u00e4nge","isPartOf":{"@id":"https:\/\/www.andreia.at\/en\/#website"},"primaryImageOfPage":{"@id":"https:\/\/www.andreia.at\/en\/imprint\/#primaryimage"},"image":{"@id":"https:\/\/www.andreia.at\/en\/imprint\/#primaryimage"},"thumbnailUrl":"https:\/\/www.andreia.at\/wp-content\/uploads\/2026\/01\/ANDREIA-White-BG-Favicon-1024x1024.png","datePublished":"2026-01-08T09:15:41+00:00","dateModified":"2026-01-12T14:13:27+00:00","breadcrumb":{"@id":"https:\/\/www.andreia.at\/en\/imprint\/#breadcrumb"},"inLanguage":"en-US","potentialAction":[{"@type":"ReadAction","target":["https:\/\/www.andreia.at\/en\/imprint\/"]}]},{"@type":"ImageObject","inLanguage":"en-US","@id":"https:\/\/www.andreia.at\/en\/imprint\/#primaryimage","url":"https:\/\/www.andreia.at\/wp-content\/uploads\/2026\/01\/ANDREIA-White-BG-Favicon-1024x1024.png","contentUrl":"https:\/\/www.andreia.at\/wp-content\/uploads\/2026\/01\/ANDREIA-White-BG-Favicon-1024x1024.png"},{"@type":"BreadcrumbList","@id":"https:\/\/www.andreia.at\/en\/imprint\/#breadcrumb","itemListElement":[{"@type":"ListItem","position":1,"name":"Start","item":"https:\/\/www.andreia.at\/en\/home\/"},{"@type":"ListItem","position":2,"name":"Imprint"}]},{"@type":"WebSite","@id":"https:\/\/www.andreia.at\/en\/#website","url":"https:\/\/www.andreia.at\/en\/","name":"Andre\u00eda - Mut f\u00fcr bewusste \u00dcberg\u00e4nge","description":"Bewusstseinserweiternde Substanzen","publisher":{"@id":"https:\/\/www.andreia.at\/en\/#organization"},"potentialAction":[{"@type":"SearchAction","target":{"@type":"EntryPoint","urlTemplate":"https:\/\/www.andreia.at\/en\/?s={search_term_string}"},"query-input":{"@type":"PropertyValueSpecification","valueRequired":true,"valueName":"search_term_string"}}],"inLanguage":"en-US"},{"@type":"Organization","@id":"https:\/\/www.andreia.at\/en\/#organization","name":"Andre\u00eda - Mut f\u00fcr bewusste \u00dcberg\u00e4nge","url":"https:\/\/www.andreia.at\/en\/","logo":{"@type":"ImageObject","inLanguage":"en-US","@id":"https:\/\/www.andreia.at\/en\/#\/schema\/logo\/image\/","url":"https:\/\/www.andreia.at\/wp-content\/uploads\/2026\/01\/ANDREIA-4-EN-quer-scaled.png","contentUrl":"https:\/\/www.andreia.at\/wp-content\/uploads\/2026\/01\/ANDREIA-4-EN-quer-scaled.png","width":2560,"height":881,"caption":"Andre\u00eda - Mut f\u00fcr bewusste \u00dcberg\u00e4nge"},"image":{"@id":"https:\/\/www.andreia.at\/en\/#\/schema\/logo\/image\/"}}]}},"_links":{"self":[{"href":"https:\/\/www.andreia.at\/en\/wp-json\/wp\/v2\/pages\/587","targetHints":{"allow":["GET"]}}],"collection":[{"href":"https:\/\/www.andreia.at\/en\/wp-json\/wp\/v2\/pages"}],"about":[{"href":"https:\/\/www.andreia.at\/en\/wp-json\/wp\/v2\/types\/page"}],"author":[{"embeddable":true,"href":"https:\/\/www.andreia.at\/en\/wp-json\/wp\/v2\/users\/2"}],"replies":[{"embeddable":true,"href":"https:\/\/www.andreia.at\/en\/wp-json\/wp\/v2\/comments?post=587"}],"version-history":[{"count":3,"href":"https:\/\/www.andreia.at\/en\/wp-json\/wp\/v2\/pages\/587\/revisions"}],"predecessor-version":[{"id":818,"href":"https:\/\/www.andreia.at\/en\/wp-json\/wp\/v2\/pages\/587\/revisions\/818"}],"wp:attachment":[{"href":"https:\/\/www.andreia.at\/en\/wp-json\/wp\/v2\/media?parent=587"}],"curies":[{"name":"wp","href":"https:\/\/api.w.org\/{rel}","templated":true}]}}