{"id":584,"date":"2025-12-18T13:55:19","date_gmt":"2025-12-18T12:55:19","guid":{"rendered":"https:\/\/www.andreia.at\/membership\/"},"modified":"2026-01-14T15:13:42","modified_gmt":"2026-01-14T14:13:42","slug":"membership","status":"publish","type":"page","link":"https:\/\/www.andreia.at\/en\/membership\/","title":{"rendered":"Membership"},"content":{"rendered":"\t\t<div data-elementor-type=\"wp-page\" data-elementor-id=\"584\" class=\"elementor elementor-584 elementor-53\" data-elementor-post-type=\"page\">\n\t\t\t\t<div class=\"elementor-element elementor-element-d8aa7ae e-con-full e-flex e-con e-parent\" data-id=\"d8aa7ae\" data-element_type=\"container\" data-e-type=\"container\">\n\t\t<div class=\"elementor-element elementor-element-8db0f36 e-con-full e-flex e-con e-child\" data-id=\"8db0f36\" data-element_type=\"container\" data-e-type=\"container\" data-settings=\"{&quot;background_background&quot;:&quot;classic&quot;}\">\n\t\t\t\t<div class=\"elementor-element elementor-element-ef9f4b7 elementor-widget elementor-widget-heading\" data-id=\"ef9f4b7\" data-element_type=\"widget\" data-e-type=\"widget\" data-widget_type=\"heading.default\">\n\t\t\t\t\t<h1 class=\"elementor-heading-title elementor-size-default\">Membership<\/h1>\t\t\t\t<\/div>\n\t\t\t\t<div class=\"elementor-element elementor-element-7a34acc elementor-align-left elementor-widget elementor-widget-button\" data-id=\"7a34acc\" data-element_type=\"widget\" data-e-type=\"widget\" data-widget_type=\"button.default\">\n\t\t\t\t\t\t\t\t\t\t<a class=\"elementor-button elementor-button-link elementor-size-sm\" href=\"#mitglied\">\n\t\t\t\t\t\t<span class=\"elementor-button-content-wrapper\">\n\t\t\t\t\t\t\t\t\t<span class=\"elementor-button-text\">I would like to become a member<\/span>\n\t\t\t\t\t<\/span>\n\t\t\t\t\t<\/a>\n\t\t\t\t\t\t\t\t<\/div>\n\t\t\t\t<div class=\"elementor-element elementor-element-2e5ed66 elementor-widget elementor-widget-text-editor\" data-id=\"2e5ed66\" data-element_type=\"widget\" data-e-type=\"widget\" data-widget_type=\"text-editor.default\">\n\t\t\t\t\t\t\t\t\t<p>Supporting membership at <strong>andre\u00eda<\/strong> is a form of non-material support.<br>It is aimed at people who support the purpose of the association and want to contribute to the creation of spaces for research, education, encounter and inner development.<\/p><p>With their sponsorship contribution, supporting members support the implementation of the non-material purpose of the Institut Viehauser &#8211; Art and Culture Association for the Promotion of Healthcare, the supporting association of andre\u00eda.<br>In doing so, they make a significant contribution to ensuring that non-profit research projects, educational initiatives and association activities for the benefit of the general public can be created and continued.<\/p><p>Supporting membership is to be understood as voluntary support without direct consideration.<br>It does not establish any claim to specific services, but enables the existence and effectiveness of the association in its non-material mission.<\/p><p>Supporting members are invited to participate in those protected spaces, events and activities that serve the reflection, exchange and deepening of cognitive processes in accordance with the purpose of the association. Participation takes place within the framework of the respective orientation and possibilities of the association.<\/p><p>By participating in and supporting research and educational projects, supporting members contribute to the creation of new knowledge. The insights gained from this are made available to the public and are intended to deepen the understanding of mental, emotional and spiritual health, as well as support individual and social development processes.<\/p><p><strong>Andre\u00eda<\/strong> offers a space and a reliable legal framework in which like-minded people and those interested can develop in accordance with the non-material purpose \u2013 supported by mindfulness, inner clarity, and respectful handling of transitions in life.<\/p><p>If you feel invited to support this path ideally, you can apply for supporting membership using the form below.<\/p>\t\t\t\t\t\t\t\t<\/div>\n\t\t\t\t<\/div>\n\t\t<div class=\"elementor-element elementor-element-55a98fd e-con-full e-flex e-con e-child\" data-id=\"55a98fd\" data-element_type=\"container\" data-e-type=\"container\">\n\t\t\t\t<div class=\"elementor-element elementor-element-fd744fa elementor-widget elementor-widget-image\" data-id=\"fd744fa\" data-element_type=\"widget\" data-e-type=\"widget\" data-widget_type=\"image.default\">\n\t\t\t\t\t\t\t\t\t\t\t\t\t\t\t<img fetchpriority=\"high\" decoding=\"async\" width=\"768\" height=\"1024\" src=\"https:\/\/www.andreia.at\/wp-content\/uploads\/2026\/01\/Pic-6-Boot-Bali-768x1024.jpg\" class=\"attachment-large size-large wp-image-585\" alt=\"\" srcset=\"https:\/\/www.andreia.at\/wp-content\/uploads\/2026\/01\/Pic-6-Boot-Bali-768x1024.jpg 768w, https:\/\/www.andreia.at\/wp-content\/uploads\/2026\/01\/Pic-6-Boot-Bali-225x300.jpg 225w, https:\/\/www.andreia.at\/wp-content\/uploads\/2026\/01\/Pic-6-Boot-Bali-1152x1536.jpg 1152w, https:\/\/www.andreia.at\/wp-content\/uploads\/2026\/01\/Pic-6-Boot-Bali-1536x2048.jpg 1536w, https:\/\/www.andreia.at\/wp-content\/uploads\/2026\/01\/Pic-6-Boot-Bali-scaled.jpg 1920w\" sizes=\"(max-width: 768px) 100vw, 768px\" \/>\t\t\t\t\t\t\t\t\t\t\t\t\t\t\t<\/div>\n\t\t\t\t<\/div>\n\t\t\t\t<\/div>\n\t\t<div class=\"elementor-element elementor-element-e02c878 e-flex e-con-boxed e-con e-parent\" data-id=\"e02c878\" data-element_type=\"container\" data-e-type=\"container\" id=\"mitglied\" data-settings=\"{&quot;background_background&quot;:&quot;gradient&quot;}\">\n\t\t\t\t\t<div class=\"e-con-inner\">\n\t\t<div class=\"elementor-element elementor-element-ebd844d e-con-full animated-slow e-flex elementor-invisible e-con e-child\" data-id=\"ebd844d\" data-element_type=\"container\" data-e-type=\"container\" data-settings=\"{&quot;background_background&quot;:&quot;classic&quot;,&quot;animation&quot;:&quot;fadeInUp&quot;}\">\n\t\t\t\t<div class=\"elementor-element elementor-element-0931194 elementor-widget elementor-widget-heading\" data-id=\"0931194\" data-element_type=\"widget\" data-e-type=\"widget\" data-widget_type=\"heading.default\">\n\t\t\t\t\t<h2 class=\"elementor-heading-title elementor-size-default\">Become a supporting member now!\n\n<\/h2>\t\t\t\t<\/div>\n\t\t\t\t<div class=\"elementor-element elementor-element-2e59baa elementor-widget elementor-widget-heading\" data-id=\"2e59baa\" data-element_type=\"widget\" data-e-type=\"widget\" data-widget_type=\"heading.default\">\n\t\t\t\t\t<h5 class=\"elementor-heading-title elementor-size-default\">Fill out the form below to support the association and become part of the community.<\/h5>\t\t\t\t<\/div>\n\t\t\t\t<div class=\"elementor-element elementor-element-592d20e elementor-widget elementor-widget-wpforms\" data-id=\"592d20e\" data-element_type=\"widget\" data-e-type=\"widget\" data-widget_type=\"wpforms.default\">\n\t\t\t\t<div class=\"elementor-widget-container\">\n\t\t\t\t\t<style id=\"wpforms-css-vars-elementor-widget-592d20e\">\n\t\t\t\t.elementor-widget-wpforms.elementor-element-592d20e {\n\t\t\t\t--wpforms-button-background-color: #2E1A73;\n--wpforms-button-text-color: #FFFFFF;\n\t\t\t}\n\t\t\t<\/style><div class=\"wpforms-container wpforms-container-full wpforms-render-modern\" id=\"wpforms-81\"><form id=\"wpforms-form-81\" class=\"wpforms-validate wpforms-form wpforms-ajax-form\" data-formid=\"81\" method=\"post\" enctype=\"multipart\/form-data\" action=\"\/en\/wp-json\/wp\/v2\/pages\/584\" data-token=\"6e90c48d206ce45e04cbdb182070189f\" data-token-time=\"1776422003\"><noscript class=\"wpforms-error-noscript\">Please enable JavaScript in your browser to complete this form.<\/noscript><div id=\"wpforms-error-noscript\" style=\"display: none;\">Please enable JavaScript in your browser to complete this form.<\/div><div class=\"wpforms-field-container\"><div id=\"wpforms-81-field_1-container\" class=\"wpforms-field wpforms-field-name\" data-field-id=\"1\"><fieldset><legend class=\"wpforms-field-label\">Name <span class=\"wpforms-required-label\" aria-hidden=\"true\">*<\/span><\/legend><div class=\"wpforms-field-row wpforms-field-large\"><div class=\"wpforms-field-row-block wpforms-first wpforms-one-half\"><input type=\"text\" id=\"wpforms-81-field_1\" class=\"wpforms-field-name-first wpforms-field-required\" name=\"wpforms[fields][1][first]\" aria-errormessage=\"wpforms-81-field_1-error\" required><label for=\"wpforms-81-field_1\" class=\"wpforms-field-sublabel after\">First<\/label><\/div><div class=\"wpforms-field-row-block wpforms-one-half\"><input type=\"text\" id=\"wpforms-81-field_1-last\" class=\"wpforms-field-name-last wpforms-field-required\" name=\"wpforms[fields][1][last]\" aria-errormessage=\"wpforms-81-field_1-last-error\" required><label for=\"wpforms-81-field_1-last\" class=\"wpforms-field-sublabel after\">Last<\/label><\/div><\/div><\/fieldset><\/div>\t\t<div id=\"wpforms-81-field_7-container\"\n\t\t\tclass=\"wpforms-field wpforms-field-text\"\n\t\t\tdata-field-type=\"text\"\n\t\t\tdata-field-id=\"7\"\n\t\t\t>\n\t\t\t<label class=\"wpforms-field-label\" for=\"wpforms-81-field_7\" >Ort F\u00f6rderbeitrag (optional)<\/label>\n\t\t\t<input type=\"text\" id=\"wpforms-81-field_7\" class=\"wpforms-field-medium\" name=\"wpforms[fields][7]\" >\n\t\t<\/div>\n\t\t<div id=\"wpforms-81-field_4-container\" class=\"wpforms-field wpforms-field-text\" data-field-id=\"4\"><label class=\"wpforms-field-label\" for=\"wpforms-81-field_4\">Adresse <span class=\"wpforms-required-label\" aria-hidden=\"true\">*<\/span><\/label><input type=\"text\" id=\"wpforms-81-field_4\" class=\"wpforms-field-large wpforms-field-required\" name=\"wpforms[fields][4]\" aria-errormessage=\"wpforms-81-field_4-error\" required><\/div><div id=\"wpforms-81-field_5-container\" class=\"wpforms-field wpforms-field-text wpforms-one-half wpforms-first\" data-field-id=\"5\"><label class=\"wpforms-field-label\" for=\"wpforms-81-field_5\">PLZ <span class=\"wpforms-required-label\" aria-hidden=\"true\">*<\/span><\/label><input type=\"text\" id=\"wpforms-81-field_5\" class=\"wpforms-field-large wpforms-field-required\" name=\"wpforms[fields][5]\" aria-errormessage=\"wpforms-81-field_5-error\" required><\/div><div id=\"wpforms-81-field_6-container\" class=\"wpforms-field wpforms-field-text wpforms-one-half\" data-field-id=\"6\"><label class=\"wpforms-field-label\" for=\"wpforms-81-field_6\">Ort <span class=\"wpforms-required-label\" aria-hidden=\"true\">*<\/span><\/label><input type=\"text\" id=\"wpforms-81-field_6\" class=\"wpforms-field-large wpforms-field-required\" name=\"wpforms[fields][6]\" aria-errormessage=\"wpforms-81-field_6-error\" required><\/div><div id=\"wpforms-81-field_2-container\" class=\"wpforms-field wpforms-field-email\" data-field-id=\"2\"><label class=\"wpforms-field-label\" for=\"wpforms-81-field_2\">E-Mail-Adresse <span class=\"wpforms-required-label\" aria-hidden=\"true\">*<\/span><\/label><input type=\"email\" id=\"wpforms-81-field_2\" class=\"wpforms-field-large wpforms-field-required\" name=\"wpforms[fields][2]\" spellcheck=\"false\" aria-errormessage=\"wpforms-81-field_2-error\" required><\/div><div id=\"wpforms-81-field_9-container\" class=\"wpforms-field wpforms-field-checkbox\" data-field-id=\"9\"><fieldset><legend class=\"wpforms-field-label\">F\u00f6rdermitgliedschaft <span class=\"wpforms-required-label\" aria-hidden=\"true\">*<\/span><\/legend><ul id=\"wpforms-81-field_9\" class=\"wpforms-field-required\"><li class=\"choice-3 depth-1\"><input type=\"checkbox\" id=\"wpforms-81-field_9_3\" name=\"wpforms[fields][9][]\" value=\"Jahresmitgliedschaft (fixer Jahresbetrag) \u20ac 50,00\" aria-errormessage=\"wpforms-81-field_9_3-error\" required ><label class=\"wpforms-field-label-inline\" for=\"wpforms-81-field_9_3\">Jahresmitgliedschaft (fixer Jahresbetrag) \u20ac 50,00<\/label><\/li><\/ul><\/fieldset><\/div><div id=\"wpforms-81-field_3-container\" class=\"wpforms-field wpforms-field-textarea\" data-field-id=\"3\"><label class=\"wpforms-field-label\" for=\"wpforms-81-field_3\">Freiwilliger F\u00f6rderbeitrag (optional)<\/label><textarea id=\"wpforms-81-field_3\" class=\"wpforms-field-small\" name=\"wpforms[fields][3]\" placeholder=\"Betrag nach eigenem Ermessen\" aria-errormessage=\"wpforms-81-field_3-error\" aria-describedby=\"wpforms-81-field_3-description\" ><\/textarea><div id=\"wpforms-81-field_3-description\" class=\"wpforms-field-description\">Zus\u00e4tzlich zum Jahresbeitrag besteht die M\u00f6glichkeit, den Verein mit einem freiwillig gew\u00e4hlten F\u00f6rderbeitrag zu unterst\u00fctzen.<\/div><\/div><div id=\"wpforms-81-field_11-container\" class=\"wpforms-field wpforms-field-checkbox\" data-field-id=\"11\"><fieldset><legend class=\"wpforms-field-label\">Datenschutz <span class=\"wpforms-required-label\" aria-hidden=\"true\">*<\/span><\/legend><ul id=\"wpforms-81-field_11\" class=\"wpforms-field-required\"><li class=\"choice-3 depth-1\"><input type=\"checkbox\" id=\"wpforms-81-field_11_3\" name=\"wpforms[fields][11][]\" value=\"Ich stimme der Datenschutzerkl\u00e4rung auf https:\/\/www.andreia.at\/datenschutz zu.\" aria-errormessage=\"wpforms-81-field_11_3-error\" required ><label class=\"wpforms-field-label-inline\" for=\"wpforms-81-field_11_3\">Ich stimme der Datenschutzerkl\u00e4rung auf https:\/\/www.andreia.at\/datenschutz zu.<\/label><\/li><\/ul><\/fieldset><\/div><script>\n\t\t\t\t( function() {\n\t\t\t\t\tconst style = document.createElement( 'style' );\n\t\t\t\t\tstyle.appendChild( document.createTextNode( '#wpforms-81-field_7-container { position: absolute !important; overflow: hidden !important; display: inline !important; height: 1px !important; width: 1px !important; z-index: -1000 !important; padding: 0 !important; } #wpforms-81-field_7-container input { visibility: hidden; } #wpforms-conversational-form-page #wpforms-81-field_7-container label { counter-increment: none; }' ) );\n\t\t\t\t\tdocument.head.appendChild( style );\n\t\t\t\t\tdocument.currentScript?.remove();\n\t\t\t\t} )();\n\t\t\t<\/script><\/div><!-- .wpforms-field-container --><div class=\"wpforms-submit-container\" ><input type=\"hidden\" name=\"wpforms[id]\" value=\"81\"><input type=\"hidden\" name=\"page_title\" value=\"\"><input type=\"hidden\" name=\"page_url\" value=\"https:\/\/www.andreia.at\/en\/wp-json\/wp\/v2\/pages\/584\"><input type=\"hidden\" name=\"url_referer\" value=\"\"><button type=\"submit\" name=\"wpforms[submit]\" id=\"wpforms-submit-81\" class=\"wpforms-submit\" data-alt-text=\"WIRD GESENDET\u00a0\u2026\" data-submit-text=\"EINREICHEN\" aria-live=\"assertive\" value=\"wpforms-submit\">EINREICHEN<\/button><img decoding=\"async\" src=\"https:\/\/www.andreia.at\/wp-content\/plugins\/wpforms-lite\/assets\/images\/submit-spin.svg\" class=\"wpforms-submit-spinner\" style=\"display: none;\" width=\"26\" height=\"26\" alt=\"Loading\"><\/div><\/form><\/div>  <!-- .wpforms-container -->\t\t\t\t<\/div>\n\t\t\t\t<\/div>\n\t\t\t\t<\/div>\n\t\t\t\t\t<\/div>\n\t\t\t\t<\/div>\n\t\t\t\t<\/div>\n\t\t","protected":false},"excerpt":{"rendered":"<p>I would like to become a member Supporting membership at andre\u00eda is a form of non-material support.It is aimed at people who support the purpose of the association and want to contribute to the creation of spaces for research, education, encounter and inner development. With their sponsorship contribution, supporting members support the implementation of the&hellip;&nbsp;<\/p>\n","protected":false},"author":2,"featured_media":0,"parent":0,"menu_order":0,"comment_status":"closed","ping_status":"closed","template":"page-templates\/template-pagebuilder-full-width.php","meta":{"neve_meta_sidebar":"","neve_meta_container":"","neve_meta_enable_content_width":"","neve_meta_content_width":0,"neve_meta_title_alignment":"","neve_meta_author_avatar":"","neve_post_elements_order":"","neve_meta_disable_header":"","neve_meta_disable_footer":"","neve_meta_disable_title":"","neve_meta_reading_time":"","footnotes":""},"class_list":["post-584","page","type-page","status-publish","hentry"],"yoast_head":"<!-- This site is optimized with the Yoast SEO plugin v27.3 - https:\/\/yoast.com\/product\/yoast-seo-wordpress\/ -->\n<title>Membership - Andre\u00eda - Mut f\u00fcr bewusste \u00dcberg\u00e4nge<\/title>\n<meta name=\"robots\" content=\"index, follow, max-snippet:-1, max-image-preview:large, max-video-preview:-1\" \/>\n<link rel=\"canonical\" href=\"https:\/\/www.andreia.at\/en\/membership\/\" \/>\n<meta property=\"og:locale\" content=\"en_US\" \/>\n<meta property=\"og:type\" content=\"article\" \/>\n<meta property=\"og:title\" content=\"Membership - Andre\u00eda - Mut f\u00fcr bewusste \u00dcberg\u00e4nge\" \/>\n<meta property=\"og:description\" content=\"I would like to become a member Supporting membership at andre\u00eda is a form of non-material support.It is aimed at people who support the purpose of the association and want to contribute to the creation of spaces for research, education, encounter and inner development. With their sponsorship contribution, supporting members support the implementation of the&hellip;&nbsp;\" \/>\n<meta property=\"og:url\" content=\"https:\/\/www.andreia.at\/en\/membership\/\" \/>\n<meta property=\"og:site_name\" content=\"Andre\u00eda - Mut f\u00fcr bewusste \u00dcberg\u00e4nge\" \/>\n<meta property=\"article:modified_time\" content=\"2026-01-14T14:13:42+00:00\" \/>\n<meta property=\"og:image\" content=\"https:\/\/www.andreia.at\/wp-content\/uploads\/2026\/01\/Pic-6-Boot-Bali-scaled.jpg\" \/>\n\t<meta property=\"og:image:width\" content=\"1920\" \/>\n\t<meta property=\"og:image:height\" content=\"2560\" \/>\n\t<meta property=\"og:image:type\" content=\"image\/jpeg\" \/>\n<meta name=\"twitter:card\" content=\"summary_large_image\" \/>\n<meta name=\"twitter:label1\" content=\"Est. reading time\" \/>\n\t<meta name=\"twitter:data1\" content=\"2 minutes\" \/>\n<script type=\"application\/ld+json\" class=\"yoast-schema-graph\">{\"@context\":\"https:\\\/\\\/schema.org\",\"@graph\":[{\"@type\":\"WebPage\",\"@id\":\"https:\\\/\\\/www.andreia.at\\\/en\\\/membership\\\/\",\"url\":\"https:\\\/\\\/www.andreia.at\\\/en\\\/membership\\\/\",\"name\":\"Membership - Andre\u00eda - Mut f\u00fcr bewusste \u00dcberg\u00e4nge\",\"isPartOf\":{\"@id\":\"https:\\\/\\\/www.andreia.at\\\/en\\\/#website\"},\"primaryImageOfPage\":{\"@id\":\"https:\\\/\\\/www.andreia.at\\\/en\\\/membership\\\/#primaryimage\"},\"image\":{\"@id\":\"https:\\\/\\\/www.andreia.at\\\/en\\\/membership\\\/#primaryimage\"},\"thumbnailUrl\":\"https:\\\/\\\/www.andreia.at\\\/wp-content\\\/uploads\\\/2026\\\/01\\\/Pic-6-Boot-Bali-768x1024.jpg\",\"datePublished\":\"2025-12-18T12:55:19+00:00\",\"dateModified\":\"2026-01-14T14:13:42+00:00\",\"breadcrumb\":{\"@id\":\"https:\\\/\\\/www.andreia.at\\\/en\\\/membership\\\/#breadcrumb\"},\"inLanguage\":\"en-US\",\"potentialAction\":[{\"@type\":\"ReadAction\",\"target\":[\"https:\\\/\\\/www.andreia.at\\\/en\\\/membership\\\/\"]}]},{\"@type\":\"ImageObject\",\"inLanguage\":\"en-US\",\"@id\":\"https:\\\/\\\/www.andreia.at\\\/en\\\/membership\\\/#primaryimage\",\"url\":\"https:\\\/\\\/www.andreia.at\\\/wp-content\\\/uploads\\\/2026\\\/01\\\/Pic-6-Boot-Bali-768x1024.jpg\",\"contentUrl\":\"https:\\\/\\\/www.andreia.at\\\/wp-content\\\/uploads\\\/2026\\\/01\\\/Pic-6-Boot-Bali-768x1024.jpg\"},{\"@type\":\"BreadcrumbList\",\"@id\":\"https:\\\/\\\/www.andreia.at\\\/en\\\/membership\\\/#breadcrumb\",\"itemListElement\":[{\"@type\":\"ListItem\",\"position\":1,\"name\":\"Start\",\"item\":\"https:\\\/\\\/www.andreia.at\\\/en\\\/home\\\/\"},{\"@type\":\"ListItem\",\"position\":2,\"name\":\"Membership\"}]},{\"@type\":\"WebSite\",\"@id\":\"https:\\\/\\\/www.andreia.at\\\/en\\\/#website\",\"url\":\"https:\\\/\\\/www.andreia.at\\\/en\\\/\",\"name\":\"Andre\u00eda - Mut f\u00fcr bewusste \u00dcberg\u00e4nge\",\"description\":\"Bewusstseinserweiternde Substanzen\",\"publisher\":{\"@id\":\"https:\\\/\\\/www.andreia.at\\\/en\\\/#organization\"},\"potentialAction\":[{\"@type\":\"SearchAction\",\"target\":{\"@type\":\"EntryPoint\",\"urlTemplate\":\"https:\\\/\\\/www.andreia.at\\\/en\\\/?s={search_term_string}\"},\"query-input\":{\"@type\":\"PropertyValueSpecification\",\"valueRequired\":true,\"valueName\":\"search_term_string\"}}],\"inLanguage\":\"en-US\"},{\"@type\":\"Organization\",\"@id\":\"https:\\\/\\\/www.andreia.at\\\/en\\\/#organization\",\"name\":\"Andre\u00eda - Mut f\u00fcr bewusste \u00dcberg\u00e4nge\",\"url\":\"https:\\\/\\\/www.andreia.at\\\/en\\\/\",\"logo\":{\"@type\":\"ImageObject\",\"inLanguage\":\"en-US\",\"@id\":\"https:\\\/\\\/www.andreia.at\\\/en\\\/#\\\/schema\\\/logo\\\/image\\\/\",\"url\":\"https:\\\/\\\/www.andreia.at\\\/wp-content\\\/uploads\\\/2026\\\/01\\\/ANDREIA-4-EN-quer-scaled.png\",\"contentUrl\":\"https:\\\/\\\/www.andreia.at\\\/wp-content\\\/uploads\\\/2026\\\/01\\\/ANDREIA-4-EN-quer-scaled.png\",\"width\":2560,\"height\":881,\"caption\":\"Andre\u00eda - Mut f\u00fcr bewusste \u00dcberg\u00e4nge\"},\"image\":{\"@id\":\"https:\\\/\\\/www.andreia.at\\\/en\\\/#\\\/schema\\\/logo\\\/image\\\/\"}}]}<\/script>\n<!-- \/ Yoast SEO plugin. -->","yoast_head_json":{"title":"Membership - Andre\u00eda - Mut f\u00fcr bewusste \u00dcberg\u00e4nge","robots":{"index":"index","follow":"follow","max-snippet":"max-snippet:-1","max-image-preview":"max-image-preview:large","max-video-preview":"max-video-preview:-1"},"canonical":"https:\/\/www.andreia.at\/en\/membership\/","og_locale":"en_US","og_type":"article","og_title":"Membership - Andre\u00eda - Mut f\u00fcr bewusste \u00dcberg\u00e4nge","og_description":"I would like to become a member Supporting membership at andre\u00eda is a form of non-material support.It is aimed at people who support the purpose of the association and want to contribute to the creation of spaces for research, education, encounter and inner development. With their sponsorship contribution, supporting members support the implementation of the&hellip;&nbsp;","og_url":"https:\/\/www.andreia.at\/en\/membership\/","og_site_name":"Andre\u00eda - Mut f\u00fcr bewusste \u00dcberg\u00e4nge","article_modified_time":"2026-01-14T14:13:42+00:00","og_image":[{"width":1920,"height":2560,"url":"https:\/\/www.andreia.at\/wp-content\/uploads\/2026\/01\/Pic-6-Boot-Bali-scaled.jpg","type":"image\/jpeg"}],"twitter_card":"summary_large_image","twitter_misc":{"Est. reading time":"2 minutes"},"schema":{"@context":"https:\/\/schema.org","@graph":[{"@type":"WebPage","@id":"https:\/\/www.andreia.at\/en\/membership\/","url":"https:\/\/www.andreia.at\/en\/membership\/","name":"Membership - Andre\u00eda - Mut f\u00fcr bewusste \u00dcberg\u00e4nge","isPartOf":{"@id":"https:\/\/www.andreia.at\/en\/#website"},"primaryImageOfPage":{"@id":"https:\/\/www.andreia.at\/en\/membership\/#primaryimage"},"image":{"@id":"https:\/\/www.andreia.at\/en\/membership\/#primaryimage"},"thumbnailUrl":"https:\/\/www.andreia.at\/wp-content\/uploads\/2026\/01\/Pic-6-Boot-Bali-768x1024.jpg","datePublished":"2025-12-18T12:55:19+00:00","dateModified":"2026-01-14T14:13:42+00:00","breadcrumb":{"@id":"https:\/\/www.andreia.at\/en\/membership\/#breadcrumb"},"inLanguage":"en-US","potentialAction":[{"@type":"ReadAction","target":["https:\/\/www.andreia.at\/en\/membership\/"]}]},{"@type":"ImageObject","inLanguage":"en-US","@id":"https:\/\/www.andreia.at\/en\/membership\/#primaryimage","url":"https:\/\/www.andreia.at\/wp-content\/uploads\/2026\/01\/Pic-6-Boot-Bali-768x1024.jpg","contentUrl":"https:\/\/www.andreia.at\/wp-content\/uploads\/2026\/01\/Pic-6-Boot-Bali-768x1024.jpg"},{"@type":"BreadcrumbList","@id":"https:\/\/www.andreia.at\/en\/membership\/#breadcrumb","itemListElement":[{"@type":"ListItem","position":1,"name":"Start","item":"https:\/\/www.andreia.at\/en\/home\/"},{"@type":"ListItem","position":2,"name":"Membership"}]},{"@type":"WebSite","@id":"https:\/\/www.andreia.at\/en\/#website","url":"https:\/\/www.andreia.at\/en\/","name":"Andre\u00eda - Mut f\u00fcr bewusste \u00dcberg\u00e4nge","description":"Bewusstseinserweiternde Substanzen","publisher":{"@id":"https:\/\/www.andreia.at\/en\/#organization"},"potentialAction":[{"@type":"SearchAction","target":{"@type":"EntryPoint","urlTemplate":"https:\/\/www.andreia.at\/en\/?s={search_term_string}"},"query-input":{"@type":"PropertyValueSpecification","valueRequired":true,"valueName":"search_term_string"}}],"inLanguage":"en-US"},{"@type":"Organization","@id":"https:\/\/www.andreia.at\/en\/#organization","name":"Andre\u00eda - Mut f\u00fcr bewusste \u00dcberg\u00e4nge","url":"https:\/\/www.andreia.at\/en\/","logo":{"@type":"ImageObject","inLanguage":"en-US","@id":"https:\/\/www.andreia.at\/en\/#\/schema\/logo\/image\/","url":"https:\/\/www.andreia.at\/wp-content\/uploads\/2026\/01\/ANDREIA-4-EN-quer-scaled.png","contentUrl":"https:\/\/www.andreia.at\/wp-content\/uploads\/2026\/01\/ANDREIA-4-EN-quer-scaled.png","width":2560,"height":881,"caption":"Andre\u00eda - Mut f\u00fcr bewusste \u00dcberg\u00e4nge"},"image":{"@id":"https:\/\/www.andreia.at\/en\/#\/schema\/logo\/image\/"}}]}},"_links":{"self":[{"href":"https:\/\/www.andreia.at\/en\/wp-json\/wp\/v2\/pages\/584","targetHints":{"allow":["GET"]}}],"collection":[{"href":"https:\/\/www.andreia.at\/en\/wp-json\/wp\/v2\/pages"}],"about":[{"href":"https:\/\/www.andreia.at\/en\/wp-json\/wp\/v2\/types\/page"}],"author":[{"embeddable":true,"href":"https:\/\/www.andreia.at\/en\/wp-json\/wp\/v2\/users\/2"}],"replies":[{"embeddable":true,"href":"https:\/\/www.andreia.at\/en\/wp-json\/wp\/v2\/comments?post=584"}],"version-history":[{"count":6,"href":"https:\/\/www.andreia.at\/en\/wp-json\/wp\/v2\/pages\/584\/revisions"}],"predecessor-version":[{"id":965,"href":"https:\/\/www.andreia.at\/en\/wp-json\/wp\/v2\/pages\/584\/revisions\/965"}],"wp:attachment":[{"href":"https:\/\/www.andreia.at\/en\/wp-json\/wp\/v2\/media?parent=584"}],"curies":[{"name":"wp","href":"https:\/\/api.w.org\/{rel}","templated":true}]}}