{"id":577,"date":"2025-12-18T13:52:55","date_gmt":"2025-12-18T12:52:55","guid":{"rendered":"https:\/\/www.andreia.at\/events\/"},"modified":"2026-01-12T10:44:50","modified_gmt":"2026-01-12T09:44:50","slug":"events","status":"publish","type":"page","link":"https:\/\/www.andreia.at\/en\/events\/","title":{"rendered":"Events"},"content":{"rendered":"\t\t<div data-elementor-type=\"wp-page\" data-elementor-id=\"577\" class=\"elementor elementor-577 elementor-51\" data-elementor-post-type=\"page\">\n\t\t\t\t<div class=\"elementor-element elementor-element-1ca327a e-con-full e-flex e-con e-parent\" data-id=\"1ca327a\" data-element_type=\"container\" data-e-type=\"container\">\n\t\t<div class=\"elementor-element elementor-element-2fb4b2c e-con-full e-flex e-con e-child\" data-id=\"2fb4b2c\" data-element_type=\"container\" data-e-type=\"container\" data-settings=\"{&quot;background_background&quot;:&quot;classic&quot;}\">\n\t\t\t\t<div class=\"elementor-element elementor-element-9185c74 elementor-widget elementor-widget-heading\" data-id=\"9185c74\" data-element_type=\"widget\" data-e-type=\"widget\" data-widget_type=\"heading.default\">\n\t\t\t\t\t<h1 class=\"elementor-heading-title elementor-size-default\">Events<\/h1>\t\t\t\t<\/div>\n\t\t\t\t<div class=\"elementor-element elementor-element-a035339 elementor-widget elementor-widget-text-editor\" data-id=\"a035339\" data-element_type=\"widget\" data-e-type=\"widget\" data-widget_type=\"text-editor.default\">\n\t\t\t\t\t\t\t\t\t<p>Encounters need the right moment. And sometimes time to mature.<\/p>\n<p>andre\u00eda&#8217;s events do not arise according to a fixed calendar, but from the respective context, the topic, and the people who come together.<\/p>\n<p>Formats and dates for the year 2026 are currently in preparation.<\/p>\n<p>As soon as concrete spaces for meeting, exchange, or joint exploration open up, they will be announced here.<\/p>\n<p>Regardless, individual sessions and individual support are already possible and can be arranged personally and according to your needs.<\/p>\n<p>Andre\u00eda views events not as mere agenda items, but as conscious gatherings, driven by presence, mindfulness, and impeccable timing.<\/p>\t\t\t\t\t\t\t\t<\/div>\n\t\t\t\t<\/div>\n\t\t<div class=\"elementor-element elementor-element-762956e e-con-full e-flex e-con e-child\" data-id=\"762956e\" data-element_type=\"container\" data-e-type=\"container\">\n\t\t\t\t<div class=\"elementor-element elementor-element-38fa67d elementor-widget elementor-widget-image\" data-id=\"38fa67d\" data-element_type=\"widget\" data-e-type=\"widget\" data-widget_type=\"image.default\">\n\t\t\t\t\t\t\t\t\t\t\t\t\t\t\t<img fetchpriority=\"high\" decoding=\"async\" width=\"827\" height=\"1024\" src=\"https:\/\/www.andreia.at\/wp-content\/uploads\/2026\/01\/pic-4-Sitze-Holz-827x1024.jpg\" class=\"attachment-large size-large wp-image-578\" alt=\"\" srcset=\"https:\/\/www.andreia.at\/wp-content\/uploads\/2026\/01\/pic-4-Sitze-Holz-827x1024.jpg 827w, https:\/\/www.andreia.at\/wp-content\/uploads\/2026\/01\/pic-4-Sitze-Holz-242x300.jpg 242w, https:\/\/www.andreia.at\/wp-content\/uploads\/2026\/01\/pic-4-Sitze-Holz-768x951.jpg 768w, https:\/\/www.andreia.at\/wp-content\/uploads\/2026\/01\/pic-4-Sitze-Holz.jpg 1172w\" sizes=\"(max-width: 827px) 100vw, 827px\" \/>\t\t\t\t\t\t\t\t\t\t\t\t\t\t\t<\/div>\n\t\t\t\t<\/div>\n\t\t\t\t<\/div>\n\t\t\t\t<\/div>\n\t\t","protected":false},"excerpt":{"rendered":"<p>Encounters need the right moment. And sometimes time to mature. andre\u00eda&#8217;s events do not arise according to a fixed calendar, but from the respective context, the topic, and the people who come together. Formats and dates for the year 2026 are currently in preparation. As soon as concrete spaces for meeting, exchange, or joint exploration&hellip;&nbsp;<\/p>\n","protected":false},"author":2,"featured_media":0,"parent":0,"menu_order":0,"comment_status":"closed","ping_status":"closed","template":"page-templates\/template-pagebuilder-full-width.php","meta":{"neve_meta_sidebar":"","neve_meta_container":"","neve_meta_enable_content_width":"","neve_meta_content_width":0,"neve_meta_title_alignment":"","neve_meta_author_avatar":"","neve_post_elements_order":"","neve_meta_disable_header":"","neve_meta_disable_footer":"","neve_meta_disable_title":"","neve_meta_reading_time":"","footnotes":""},"class_list":["post-577","page","type-page","status-publish","hentry"],"yoast_head":"<!-- This site is optimized with the Yoast SEO plugin v27.3 - https:\/\/yoast.com\/product\/yoast-seo-wordpress\/ -->\n<title>Events - Andre\u00eda - Mut f\u00fcr bewusste \u00dcberg\u00e4nge<\/title>\n<meta name=\"robots\" content=\"index, follow, max-snippet:-1, max-image-preview:large, max-video-preview:-1\" \/>\n<link rel=\"canonical\" href=\"https:\/\/www.andreia.at\/en\/events\/\" \/>\n<meta property=\"og:locale\" content=\"en_US\" \/>\n<meta property=\"og:type\" content=\"article\" \/>\n<meta property=\"og:title\" content=\"Events - Andre\u00eda - Mut f\u00fcr bewusste \u00dcberg\u00e4nge\" \/>\n<meta property=\"og:description\" content=\"Encounters need the right moment. And sometimes time to mature. andre\u00eda&#8217;s events do not arise according to a fixed calendar, but from the respective context, the topic, and the people who come together. Formats and dates for the year 2026 are currently in preparation. As soon as concrete spaces for meeting, exchange, or joint exploration&hellip;&nbsp;\" \/>\n<meta property=\"og:url\" content=\"https:\/\/www.andreia.at\/en\/events\/\" \/>\n<meta property=\"og:site_name\" content=\"Andre\u00eda - Mut f\u00fcr bewusste \u00dcberg\u00e4nge\" \/>\n<meta property=\"article:modified_time\" content=\"2026-01-12T09:44:50+00:00\" \/>\n<meta property=\"og:image\" content=\"https:\/\/www.andreia.at\/wp-content\/uploads\/2026\/01\/pic-4-Sitze-Holz.jpg\" \/>\n\t<meta property=\"og:image:width\" content=\"1172\" \/>\n\t<meta property=\"og:image:height\" content=\"1452\" \/>\n\t<meta property=\"og:image:type\" content=\"image\/jpeg\" \/>\n<meta name=\"twitter:card\" content=\"summary_large_image\" \/>\n<meta name=\"twitter:label1\" content=\"Est. reading time\" \/>\n\t<meta name=\"twitter:data1\" content=\"1 minute\" \/>\n<script type=\"application\/ld+json\" class=\"yoast-schema-graph\">{\"@context\":\"https:\\\/\\\/schema.org\",\"@graph\":[{\"@type\":\"WebPage\",\"@id\":\"https:\\\/\\\/www.andreia.at\\\/en\\\/events\\\/\",\"url\":\"https:\\\/\\\/www.andreia.at\\\/en\\\/events\\\/\",\"name\":\"Events - Andre\u00eda - Mut f\u00fcr bewusste \u00dcberg\u00e4nge\",\"isPartOf\":{\"@id\":\"https:\\\/\\\/www.andreia.at\\\/en\\\/#website\"},\"primaryImageOfPage\":{\"@id\":\"https:\\\/\\\/www.andreia.at\\\/en\\\/events\\\/#primaryimage\"},\"image\":{\"@id\":\"https:\\\/\\\/www.andreia.at\\\/en\\\/events\\\/#primaryimage\"},\"thumbnailUrl\":\"https:\\\/\\\/www.andreia.at\\\/wp-content\\\/uploads\\\/2026\\\/01\\\/pic-4-Sitze-Holz-827x1024.jpg\",\"datePublished\":\"2025-12-18T12:52:55+00:00\",\"dateModified\":\"2026-01-12T09:44:50+00:00\",\"breadcrumb\":{\"@id\":\"https:\\\/\\\/www.andreia.at\\\/en\\\/events\\\/#breadcrumb\"},\"inLanguage\":\"en-US\",\"potentialAction\":[{\"@type\":\"ReadAction\",\"target\":[\"https:\\\/\\\/www.andreia.at\\\/en\\\/events\\\/\"]}]},{\"@type\":\"ImageObject\",\"inLanguage\":\"en-US\",\"@id\":\"https:\\\/\\\/www.andreia.at\\\/en\\\/events\\\/#primaryimage\",\"url\":\"https:\\\/\\\/www.andreia.at\\\/wp-content\\\/uploads\\\/2026\\\/01\\\/pic-4-Sitze-Holz-827x1024.jpg\",\"contentUrl\":\"https:\\\/\\\/www.andreia.at\\\/wp-content\\\/uploads\\\/2026\\\/01\\\/pic-4-Sitze-Holz-827x1024.jpg\"},{\"@type\":\"BreadcrumbList\",\"@id\":\"https:\\\/\\\/www.andreia.at\\\/en\\\/events\\\/#breadcrumb\",\"itemListElement\":[{\"@type\":\"ListItem\",\"position\":1,\"name\":\"Start\",\"item\":\"https:\\\/\\\/www.andreia.at\\\/en\\\/home\\\/\"},{\"@type\":\"ListItem\",\"position\":2,\"name\":\"Events\"}]},{\"@type\":\"WebSite\",\"@id\":\"https:\\\/\\\/www.andreia.at\\\/en\\\/#website\",\"url\":\"https:\\\/\\\/www.andreia.at\\\/en\\\/\",\"name\":\"Andre\u00eda - Mut f\u00fcr bewusste \u00dcberg\u00e4nge\",\"description\":\"Bewusstseinserweiternde Substanzen\",\"publisher\":{\"@id\":\"https:\\\/\\\/www.andreia.at\\\/en\\\/#organization\"},\"potentialAction\":[{\"@type\":\"SearchAction\",\"target\":{\"@type\":\"EntryPoint\",\"urlTemplate\":\"https:\\\/\\\/www.andreia.at\\\/en\\\/?s={search_term_string}\"},\"query-input\":{\"@type\":\"PropertyValueSpecification\",\"valueRequired\":true,\"valueName\":\"search_term_string\"}}],\"inLanguage\":\"en-US\"},{\"@type\":\"Organization\",\"@id\":\"https:\\\/\\\/www.andreia.at\\\/en\\\/#organization\",\"name\":\"Andre\u00eda - Mut f\u00fcr bewusste \u00dcberg\u00e4nge\",\"url\":\"https:\\\/\\\/www.andreia.at\\\/en\\\/\",\"logo\":{\"@type\":\"ImageObject\",\"inLanguage\":\"en-US\",\"@id\":\"https:\\\/\\\/www.andreia.at\\\/en\\\/#\\\/schema\\\/logo\\\/image\\\/\",\"url\":\"https:\\\/\\\/www.andreia.at\\\/wp-content\\\/uploads\\\/2026\\\/01\\\/ANDREIA-4-EN-quer-scaled.png\",\"contentUrl\":\"https:\\\/\\\/www.andreia.at\\\/wp-content\\\/uploads\\\/2026\\\/01\\\/ANDREIA-4-EN-quer-scaled.png\",\"width\":2560,\"height\":881,\"caption\":\"Andre\u00eda - Mut f\u00fcr bewusste \u00dcberg\u00e4nge\"},\"image\":{\"@id\":\"https:\\\/\\\/www.andreia.at\\\/en\\\/#\\\/schema\\\/logo\\\/image\\\/\"}}]}<\/script>\n<!-- \/ Yoast SEO plugin. -->","yoast_head_json":{"title":"Events - Andre\u00eda - Mut f\u00fcr bewusste \u00dcberg\u00e4nge","robots":{"index":"index","follow":"follow","max-snippet":"max-snippet:-1","max-image-preview":"max-image-preview:large","max-video-preview":"max-video-preview:-1"},"canonical":"https:\/\/www.andreia.at\/en\/events\/","og_locale":"en_US","og_type":"article","og_title":"Events - Andre\u00eda - Mut f\u00fcr bewusste \u00dcberg\u00e4nge","og_description":"Encounters need the right moment. And sometimes time to mature. andre\u00eda&#8217;s events do not arise according to a fixed calendar, but from the respective context, the topic, and the people who come together. Formats and dates for the year 2026 are currently in preparation. As soon as concrete spaces for meeting, exchange, or joint exploration&hellip;&nbsp;","og_url":"https:\/\/www.andreia.at\/en\/events\/","og_site_name":"Andre\u00eda - Mut f\u00fcr bewusste \u00dcberg\u00e4nge","article_modified_time":"2026-01-12T09:44:50+00:00","og_image":[{"width":1172,"height":1452,"url":"https:\/\/www.andreia.at\/wp-content\/uploads\/2026\/01\/pic-4-Sitze-Holz.jpg","type":"image\/jpeg"}],"twitter_card":"summary_large_image","twitter_misc":{"Est. reading time":"1 minute"},"schema":{"@context":"https:\/\/schema.org","@graph":[{"@type":"WebPage","@id":"https:\/\/www.andreia.at\/en\/events\/","url":"https:\/\/www.andreia.at\/en\/events\/","name":"Events - Andre\u00eda - Mut f\u00fcr bewusste \u00dcberg\u00e4nge","isPartOf":{"@id":"https:\/\/www.andreia.at\/en\/#website"},"primaryImageOfPage":{"@id":"https:\/\/www.andreia.at\/en\/events\/#primaryimage"},"image":{"@id":"https:\/\/www.andreia.at\/en\/events\/#primaryimage"},"thumbnailUrl":"https:\/\/www.andreia.at\/wp-content\/uploads\/2026\/01\/pic-4-Sitze-Holz-827x1024.jpg","datePublished":"2025-12-18T12:52:55+00:00","dateModified":"2026-01-12T09:44:50+00:00","breadcrumb":{"@id":"https:\/\/www.andreia.at\/en\/events\/#breadcrumb"},"inLanguage":"en-US","potentialAction":[{"@type":"ReadAction","target":["https:\/\/www.andreia.at\/en\/events\/"]}]},{"@type":"ImageObject","inLanguage":"en-US","@id":"https:\/\/www.andreia.at\/en\/events\/#primaryimage","url":"https:\/\/www.andreia.at\/wp-content\/uploads\/2026\/01\/pic-4-Sitze-Holz-827x1024.jpg","contentUrl":"https:\/\/www.andreia.at\/wp-content\/uploads\/2026\/01\/pic-4-Sitze-Holz-827x1024.jpg"},{"@type":"BreadcrumbList","@id":"https:\/\/www.andreia.at\/en\/events\/#breadcrumb","itemListElement":[{"@type":"ListItem","position":1,"name":"Start","item":"https:\/\/www.andreia.at\/en\/home\/"},{"@type":"ListItem","position":2,"name":"Events"}]},{"@type":"WebSite","@id":"https:\/\/www.andreia.at\/en\/#website","url":"https:\/\/www.andreia.at\/en\/","name":"Andre\u00eda - Mut f\u00fcr bewusste \u00dcberg\u00e4nge","description":"Bewusstseinserweiternde Substanzen","publisher":{"@id":"https:\/\/www.andreia.at\/en\/#organization"},"potentialAction":[{"@type":"SearchAction","target":{"@type":"EntryPoint","urlTemplate":"https:\/\/www.andreia.at\/en\/?s={search_term_string}"},"query-input":{"@type":"PropertyValueSpecification","valueRequired":true,"valueName":"search_term_string"}}],"inLanguage":"en-US"},{"@type":"Organization","@id":"https:\/\/www.andreia.at\/en\/#organization","name":"Andre\u00eda - Mut f\u00fcr bewusste \u00dcberg\u00e4nge","url":"https:\/\/www.andreia.at\/en\/","logo":{"@type":"ImageObject","inLanguage":"en-US","@id":"https:\/\/www.andreia.at\/en\/#\/schema\/logo\/image\/","url":"https:\/\/www.andreia.at\/wp-content\/uploads\/2026\/01\/ANDREIA-4-EN-quer-scaled.png","contentUrl":"https:\/\/www.andreia.at\/wp-content\/uploads\/2026\/01\/ANDREIA-4-EN-quer-scaled.png","width":2560,"height":881,"caption":"Andre\u00eda - Mut f\u00fcr bewusste \u00dcberg\u00e4nge"},"image":{"@id":"https:\/\/www.andreia.at\/en\/#\/schema\/logo\/image\/"}}]}},"_links":{"self":[{"href":"https:\/\/www.andreia.at\/en\/wp-json\/wp\/v2\/pages\/577","targetHints":{"allow":["GET"]}}],"collection":[{"href":"https:\/\/www.andreia.at\/en\/wp-json\/wp\/v2\/pages"}],"about":[{"href":"https:\/\/www.andreia.at\/en\/wp-json\/wp\/v2\/types\/page"}],"author":[{"embeddable":true,"href":"https:\/\/www.andreia.at\/en\/wp-json\/wp\/v2\/users\/2"}],"replies":[{"embeddable":true,"href":"https:\/\/www.andreia.at\/en\/wp-json\/wp\/v2\/comments?post=577"}],"version-history":[{"count":3,"href":"https:\/\/www.andreia.at\/en\/wp-json\/wp\/v2\/pages\/577\/revisions"}],"predecessor-version":[{"id":754,"href":"https:\/\/www.andreia.at\/en\/wp-json\/wp\/v2\/pages\/577\/revisions\/754"}],"wp:attachment":[{"href":"https:\/\/www.andreia.at\/en\/wp-json\/wp\/v2\/media?parent=577"}],"curies":[{"name":"wp","href":"https:\/\/api.w.org\/{rel}","templated":true}]}}