{"id":574,"date":"2025-12-17T10:35:41","date_gmt":"2025-12-17T09:35:41","guid":{"rendered":"https:\/\/www.andreia.at\/contact\/"},"modified":"2026-01-12T10:42:55","modified_gmt":"2026-01-12T09:42:55","slug":"contact","status":"publish","type":"page","link":"https:\/\/www.andreia.at\/en\/contact\/","title":{"rendered":"Contact"},"content":{"rendered":"\t\t<div data-elementor-type=\"wp-page\" data-elementor-id=\"574\" class=\"elementor elementor-574 elementor-17\" data-elementor-post-type=\"page\">\n\t\t\t\t<div class=\"elementor-element elementor-element-3275bb6 e-con-full e-flex e-con e-parent\" data-id=\"3275bb6\" data-element_type=\"container\" data-e-type=\"container\">\n\t\t<div class=\"elementor-element elementor-element-8c142bc e-con-full e-flex e-con e-child\" data-id=\"8c142bc\" data-element_type=\"container\" data-e-type=\"container\" data-settings=\"{&quot;background_background&quot;:&quot;classic&quot;}\">\n\t\t\t\t<div class=\"elementor-element elementor-element-173de75 elementor-widget elementor-widget-heading\" data-id=\"173de75\" data-element_type=\"widget\" data-e-type=\"widget\" data-widget_type=\"heading.default\">\n\t\t\t\t\t<h1 class=\"elementor-heading-title elementor-size-default\">Contact<\/h1>\t\t\t\t<\/div>\n\t\t\t\t<div class=\"elementor-element elementor-element-4ac738d elementor-widget elementor-widget-heading\" data-id=\"4ac738d\" data-element_type=\"widget\" data-e-type=\"widget\" data-widget_type=\"heading.default\">\n\t\t\t\t\t<h3 class=\"elementor-heading-title elementor-size-default\">Here's how to reach andre\u00eda.<\/h3>\t\t\t\t<\/div>\n\t\t\t\t<div class=\"elementor-element elementor-element-6f1c3c2 elementor-widget elementor-widget-text-editor\" data-id=\"6f1c3c2\" data-element_type=\"widget\" data-e-type=\"widget\" data-widget_type=\"text-editor.default\">\n\t\t\t\t\t\t\t\t\t<p><strong>Institut Viehauser \u2013 Art &amp; Culture Association for the Promotion of Healthcare<\/strong><br>ZVR number: 1833085161<br>Eckpergasse 39\u201341<br>1180 Vienna<\/p><p><strong>Association President:<\/strong><br>Mag. Andrea Viehauser<br>Phone: <a href=\"tel:+4366488462037\">+43 664 88462037<\/a><br>Mail: <a href=\"mailto:office@andreia.at\">office@andreia.at<\/a><\/p>\t\t\t\t\t\t\t\t<\/div>\n\t\t\t\t<div class=\"elementor-element elementor-element-74eea5d elementor-widget elementor-widget-button\" data-id=\"74eea5d\" data-element_type=\"widget\" data-e-type=\"widget\" data-widget_type=\"button.default\">\n\t\t\t\t\t\t\t\t\t\t<a class=\"elementor-button elementor-button-link elementor-size-sm\" href=\"#formular\">\n\t\t\t\t\t\t<span class=\"elementor-button-content-wrapper\">\n\t\t\t\t\t\t\t\t\t<span class=\"elementor-button-text\">To the contact form<\/span>\n\t\t\t\t\t<\/span>\n\t\t\t\t\t<\/a>\n\t\t\t\t\t\t\t\t<\/div>\n\t\t\t\t<\/div>\n\t\t<div class=\"elementor-element elementor-element-5bfb695 e-con-full e-flex e-con e-child\" data-id=\"5bfb695\" data-element_type=\"container\" data-e-type=\"container\">\n\t\t\t\t<div class=\"elementor-element elementor-element-2d862b2 elementor-widget elementor-widget-image\" data-id=\"2d862b2\" data-element_type=\"widget\" data-e-type=\"widget\" data-widget_type=\"image.default\">\n\t\t\t\t\t\t\t\t\t\t\t\t\t\t\t<img fetchpriority=\"high\" decoding=\"async\" width=\"1024\" height=\"683\" src=\"https:\/\/www.andreia.at\/wp-content\/uploads\/2026\/01\/Pic-5-Andi-schreibt-1024x683.jpg\" class=\"attachment-large size-large wp-image-575\" alt=\"\" srcset=\"https:\/\/www.andreia.at\/wp-content\/uploads\/2026\/01\/Pic-5-Andi-schreibt-1024x683.jpg 1024w, https:\/\/www.andreia.at\/wp-content\/uploads\/2026\/01\/Pic-5-Andi-schreibt-300x200.jpg 300w, https:\/\/www.andreia.at\/wp-content\/uploads\/2026\/01\/Pic-5-Andi-schreibt-768x512.jpg 768w, https:\/\/www.andreia.at\/wp-content\/uploads\/2026\/01\/Pic-5-Andi-schreibt-1536x1024.jpg 1536w, https:\/\/www.andreia.at\/wp-content\/uploads\/2026\/01\/Pic-5-Andi-schreibt-2048x1366.jpg 2048w, https:\/\/www.andreia.at\/wp-content\/uploads\/2026\/01\/Pic-5-Andi-schreibt-930x620.jpg 930w\" sizes=\"(max-width: 1024px) 100vw, 1024px\" \/>\t\t\t\t\t\t\t\t\t\t\t\t\t\t\t<\/div>\n\t\t\t\t<\/div>\n\t\t\t\t<\/div>\n\t\t<div class=\"elementor-element elementor-element-ab7c210 e-flex e-con-boxed e-con e-parent\" data-id=\"ab7c210\" data-element_type=\"container\" data-e-type=\"container\" id=\"formular\" data-settings=\"{&quot;background_background&quot;:&quot;gradient&quot;}\">\n\t\t\t\t\t<div class=\"e-con-inner\">\n\t\t<div class=\"elementor-element elementor-element-44a6130 e-con-full animated-slow e-flex elementor-invisible e-con e-child\" data-id=\"44a6130\" data-element_type=\"container\" data-e-type=\"container\" data-settings=\"{&quot;background_background&quot;:&quot;classic&quot;,&quot;animation&quot;:&quot;fadeInUp&quot;}\">\n\t\t\t\t<div class=\"elementor-element elementor-element-c7bb0c5 elementor-widget elementor-widget-heading\" data-id=\"c7bb0c5\" data-element_type=\"widget\" data-e-type=\"widget\" data-widget_type=\"heading.default\">\n\t\t\t\t\t<h2 class=\"elementor-heading-title elementor-size-default\">Contact form<\/h2>\t\t\t\t<\/div>\n\t\t\t\t<div class=\"elementor-element elementor-element-e8ed10d elementor-widget elementor-widget-heading\" data-id=\"e8ed10d\" data-element_type=\"widget\" data-e-type=\"widget\" data-widget_type=\"heading.default\">\n\t\t\t\t\t<h5 class=\"elementor-heading-title elementor-size-default\">If you would prefer to contact us in writing, you can use the following form and we will get back to you quickly:\n\n<\/h5>\t\t\t\t<\/div>\n\t\t\t\t<div class=\"elementor-element elementor-element-a6a7ab1 elementor-widget elementor-widget-wpforms\" data-id=\"a6a7ab1\" data-element_type=\"widget\" data-e-type=\"widget\" data-widget_type=\"wpforms.default\">\n\t\t\t\t<div class=\"elementor-widget-container\">\n\t\t\t\t\t<style id=\"wpforms-css-vars-elementor-widget-a6a7ab1\">\n\t\t\t\t.elementor-widget-wpforms.elementor-element-a6a7ab1 {\n\t\t\t\t--wpforms-button-background-color: #2E1A73;\n--wpforms-button-text-color: #FFFFFF;\n\t\t\t}\n\t\t\t<\/style><div class=\"wpforms-container wpforms-container-full wpforms-render-modern\" id=\"wpforms-244\"><form id=\"wpforms-form-244\" class=\"wpforms-validate wpforms-form wpforms-ajax-form\" data-formid=\"244\" method=\"post\" enctype=\"multipart\/form-data\" action=\"\/en\/wp-json\/wp\/v2\/pages\/574\" data-token=\"91ee8ec9ed24344c454cadb28607a52a\" data-token-time=\"1776421665\"><noscript class=\"wpforms-error-noscript\">Please enable JavaScript in your browser to complete this form.<\/noscript><div id=\"wpforms-error-noscript\" style=\"display: none;\">Please enable JavaScript in your browser to complete this form.<\/div><div class=\"wpforms-field-container\"><div id=\"wpforms-244-field_1-container\" class=\"wpforms-field wpforms-field-name\" data-field-id=\"1\"><fieldset><legend class=\"wpforms-field-label\">Name <span class=\"wpforms-required-label\" aria-hidden=\"true\">*<\/span><\/legend><div class=\"wpforms-field-row wpforms-field-large\"><div class=\"wpforms-field-row-block wpforms-first wpforms-one-half\"><input type=\"text\" id=\"wpforms-244-field_1\" class=\"wpforms-field-name-first wpforms-field-required\" name=\"wpforms[fields][1][first]\" aria-errormessage=\"wpforms-244-field_1-error\" required><label for=\"wpforms-244-field_1\" class=\"wpforms-field-sublabel after\">First<\/label><\/div><div class=\"wpforms-field-row-block wpforms-one-half\"><input type=\"text\" id=\"wpforms-244-field_1-last\" class=\"wpforms-field-name-last wpforms-field-required\" name=\"wpforms[fields][1][last]\" aria-errormessage=\"wpforms-244-field_1-last-error\" required><label for=\"wpforms-244-field_1-last\" class=\"wpforms-field-sublabel after\">Last<\/label><\/div><\/div><\/fieldset><\/div><div id=\"wpforms-244-field_2-container\" class=\"wpforms-field wpforms-field-email\" data-field-id=\"2\"><label class=\"wpforms-field-label\" for=\"wpforms-244-field_2\">E-Mail-Adresse <span class=\"wpforms-required-label\" aria-hidden=\"true\">*<\/span><\/label><input type=\"email\" id=\"wpforms-244-field_2\" class=\"wpforms-field-large wpforms-field-required\" name=\"wpforms[fields][2]\" spellcheck=\"false\" aria-errormessage=\"wpforms-244-field_2-error\" required><\/div><div id=\"wpforms-244-field_12-container\" class=\"wpforms-field wpforms-field-text\" data-field-id=\"12\"><label class=\"wpforms-field-label\" for=\"wpforms-244-field_12\">Betreff <span class=\"wpforms-required-label\" aria-hidden=\"true\">*<\/span><\/label><input type=\"text\" id=\"wpforms-244-field_12\" class=\"wpforms-field-large wpforms-field-required\" name=\"wpforms[fields][12]\" aria-errormessage=\"wpforms-244-field_12-error\" required><\/div><div id=\"wpforms-244-field_3-container\" class=\"wpforms-field wpforms-field-textarea\" data-field-id=\"3\"><label class=\"wpforms-field-label\" for=\"wpforms-244-field_3\">Nachricht <span class=\"wpforms-required-label\" aria-hidden=\"true\">*<\/span><\/label><textarea id=\"wpforms-244-field_3\" class=\"wpforms-field-medium wpforms-field-required\" name=\"wpforms[fields][3]\" aria-errormessage=\"wpforms-244-field_3-error\" required><\/textarea><\/div>\t\t<div id=\"wpforms-244-field_4-container\"\n\t\t\tclass=\"wpforms-field wpforms-field-text\"\n\t\t\tdata-field-type=\"text\"\n\t\t\tdata-field-id=\"4\"\n\t\t\t>\n\t\t\t<label class=\"wpforms-field-label\" for=\"wpforms-244-field_4\" >Name Betreff Datenschutz<\/label>\n\t\t\t<input type=\"text\" id=\"wpforms-244-field_4\" class=\"wpforms-field-medium\" name=\"wpforms[fields][4]\" >\n\t\t<\/div>\n\t\t<div id=\"wpforms-244-field_11-container\" class=\"wpforms-field wpforms-field-checkbox\" data-field-id=\"11\"><fieldset><legend class=\"wpforms-field-label\">Datenschutz <span class=\"wpforms-required-label\" aria-hidden=\"true\">*<\/span><\/legend><ul id=\"wpforms-244-field_11\" class=\"wpforms-field-required\"><li class=\"choice-3 depth-1\"><input type=\"checkbox\" id=\"wpforms-244-field_11_3\" name=\"wpforms[fields][11][]\" value=\"Ich stimme der Datenschutzerkl\u00e4rung auf https:\/\/www.andreia.at\/datenschutz zu.\" aria-errormessage=\"wpforms-244-field_11_3-error\" required ><label class=\"wpforms-field-label-inline\" for=\"wpforms-244-field_11_3\">Ich stimme der Datenschutzerkl\u00e4rung auf https:\/\/www.andreia.at\/datenschutz zu.<\/label><\/li><\/ul><\/fieldset><\/div><script>\n\t\t\t\t( function() {\n\t\t\t\t\tconst style = document.createElement( 'style' );\n\t\t\t\t\tstyle.appendChild( document.createTextNode( '#wpforms-244-field_4-container { position: absolute !important; overflow: hidden !important; display: inline !important; height: 1px !important; width: 1px !important; z-index: -1000 !important; padding: 0 !important; } #wpforms-244-field_4-container input { visibility: hidden; } #wpforms-conversational-form-page #wpforms-244-field_4-container label { counter-increment: none; }' ) );\n\t\t\t\t\tdocument.head.appendChild( style );\n\t\t\t\t\tdocument.currentScript?.remove();\n\t\t\t\t} )();\n\t\t\t<\/script><\/div><!-- .wpforms-field-container --><div class=\"wpforms-submit-container\" ><input type=\"hidden\" name=\"wpforms[id]\" value=\"244\"><input type=\"hidden\" name=\"page_title\" value=\"\"><input type=\"hidden\" name=\"page_url\" value=\"https:\/\/www.andreia.at\/en\/wp-json\/wp\/v2\/pages\/574\"><input type=\"hidden\" name=\"url_referer\" value=\"\"><button type=\"submit\" name=\"wpforms[submit]\" id=\"wpforms-submit-244\" class=\"wpforms-submit\" data-alt-text=\"WIRD GESENDET\u00a0\u2026\" data-submit-text=\"NACHRICHT SENDEN\" aria-live=\"assertive\" value=\"wpforms-submit\">NACHRICHT SENDEN<\/button><img decoding=\"async\" src=\"https:\/\/www.andreia.at\/wp-content\/plugins\/wpforms-lite\/assets\/images\/submit-spin.svg\" class=\"wpforms-submit-spinner\" style=\"display: none;\" width=\"26\" height=\"26\" alt=\"Loading\"><\/div><\/form><\/div>  <!-- .wpforms-container -->\t\t\t\t<\/div>\n\t\t\t\t<\/div>\n\t\t\t\t<\/div>\n\t\t\t\t\t<\/div>\n\t\t\t\t<\/div>\n\t\t\t\t<\/div>\n\t\t","protected":false},"excerpt":{"rendered":"<p>Contact Here&#8217;s how to reach andre\u00eda. Institut Viehauser \u2013 Art &amp; Culture Association for the Promotion of HealthcareZVR number: 1833085161Eckpergasse 39\u2013411180 Vienna Association President:Mag. Andrea ViehauserPhone: +43 664 88462037Mail: office@andreia.at To the contact form Contact form If you would prefer to contact us in writing, you can use the following form and we will get&hellip;&nbsp;<\/p>\n","protected":false},"author":2,"featured_media":0,"parent":0,"menu_order":0,"comment_status":"closed","ping_status":"closed","template":"page-templates\/template-pagebuilder-full-width.php","meta":{"neve_meta_sidebar":"","neve_meta_container":"","neve_meta_enable_content_width":"","neve_meta_content_width":0,"neve_meta_title_alignment":"","neve_meta_author_avatar":"","neve_post_elements_order":"","neve_meta_disable_header":"","neve_meta_disable_footer":"","neve_meta_disable_title":"","neve_meta_reading_time":"","footnotes":""},"class_list":["post-574","page","type-page","status-publish","hentry"],"yoast_head":"<!-- This site is optimized with the Yoast SEO plugin v27.3 - https:\/\/yoast.com\/product\/yoast-seo-wordpress\/ -->\n<title>Contact - Andre\u00eda - Mut f\u00fcr bewusste \u00dcberg\u00e4nge<\/title>\n<meta name=\"robots\" content=\"index, follow, max-snippet:-1, max-image-preview:large, max-video-preview:-1\" \/>\n<link rel=\"canonical\" href=\"https:\/\/www.andreia.at\/en\/contact\/\" \/>\n<meta property=\"og:locale\" content=\"en_US\" \/>\n<meta property=\"og:type\" content=\"article\" \/>\n<meta property=\"og:title\" content=\"Contact - Andre\u00eda - Mut f\u00fcr bewusste \u00dcberg\u00e4nge\" \/>\n<meta property=\"og:description\" content=\"Contact Here&#8217;s how to reach andre\u00eda. Institut Viehauser \u2013 Art &amp; Culture Association for the Promotion of HealthcareZVR number: 1833085161Eckpergasse 39\u2013411180 Vienna Association President:Mag. Andrea ViehauserPhone: +43 664 88462037Mail: office@andreia.at To the contact form Contact form If you would prefer to contact us in writing, you can use the following form and we will get&hellip;&nbsp;\" \/>\n<meta property=\"og:url\" content=\"https:\/\/www.andreia.at\/en\/contact\/\" \/>\n<meta property=\"og:site_name\" content=\"Andre\u00eda - Mut f\u00fcr bewusste \u00dcberg\u00e4nge\" \/>\n<meta property=\"article:modified_time\" content=\"2026-01-12T09:42:55+00:00\" \/>\n<meta property=\"og:image\" content=\"https:\/\/www.andreia.at\/wp-content\/uploads\/2026\/01\/Pic-5-Andi-schreibt-scaled.jpg\" \/>\n\t<meta property=\"og:image:width\" content=\"2560\" \/>\n\t<meta property=\"og:image:height\" content=\"1707\" \/>\n\t<meta property=\"og:image:type\" content=\"image\/jpeg\" \/>\n<meta name=\"twitter:card\" content=\"summary_large_image\" \/>\n<script type=\"application\/ld+json\" class=\"yoast-schema-graph\">{\"@context\":\"https:\\\/\\\/schema.org\",\"@graph\":[{\"@type\":\"WebPage\",\"@id\":\"https:\\\/\\\/www.andreia.at\\\/en\\\/contact\\\/\",\"url\":\"https:\\\/\\\/www.andreia.at\\\/en\\\/contact\\\/\",\"name\":\"Contact - Andre\u00eda - Mut f\u00fcr bewusste \u00dcberg\u00e4nge\",\"isPartOf\":{\"@id\":\"https:\\\/\\\/www.andreia.at\\\/en\\\/#website\"},\"primaryImageOfPage\":{\"@id\":\"https:\\\/\\\/www.andreia.at\\\/en\\\/contact\\\/#primaryimage\"},\"image\":{\"@id\":\"https:\\\/\\\/www.andreia.at\\\/en\\\/contact\\\/#primaryimage\"},\"thumbnailUrl\":\"https:\\\/\\\/www.andreia.at\\\/wp-content\\\/uploads\\\/2026\\\/01\\\/Pic-5-Andi-schreibt-1024x683.jpg\",\"datePublished\":\"2025-12-17T09:35:41+00:00\",\"dateModified\":\"2026-01-12T09:42:55+00:00\",\"breadcrumb\":{\"@id\":\"https:\\\/\\\/www.andreia.at\\\/en\\\/contact\\\/#breadcrumb\"},\"inLanguage\":\"en-US\",\"potentialAction\":[{\"@type\":\"ReadAction\",\"target\":[\"https:\\\/\\\/www.andreia.at\\\/en\\\/contact\\\/\"]}]},{\"@type\":\"ImageObject\",\"inLanguage\":\"en-US\",\"@id\":\"https:\\\/\\\/www.andreia.at\\\/en\\\/contact\\\/#primaryimage\",\"url\":\"https:\\\/\\\/www.andreia.at\\\/wp-content\\\/uploads\\\/2026\\\/01\\\/Pic-5-Andi-schreibt-1024x683.jpg\",\"contentUrl\":\"https:\\\/\\\/www.andreia.at\\\/wp-content\\\/uploads\\\/2026\\\/01\\\/Pic-5-Andi-schreibt-1024x683.jpg\"},{\"@type\":\"BreadcrumbList\",\"@id\":\"https:\\\/\\\/www.andreia.at\\\/en\\\/contact\\\/#breadcrumb\",\"itemListElement\":[{\"@type\":\"ListItem\",\"position\":1,\"name\":\"Start\",\"item\":\"https:\\\/\\\/www.andreia.at\\\/en\\\/home\\\/\"},{\"@type\":\"ListItem\",\"position\":2,\"name\":\"Contact\"}]},{\"@type\":\"WebSite\",\"@id\":\"https:\\\/\\\/www.andreia.at\\\/en\\\/#website\",\"url\":\"https:\\\/\\\/www.andreia.at\\\/en\\\/\",\"name\":\"Andre\u00eda - Mut f\u00fcr bewusste \u00dcberg\u00e4nge\",\"description\":\"Bewusstseinserweiternde Substanzen\",\"publisher\":{\"@id\":\"https:\\\/\\\/www.andreia.at\\\/en\\\/#organization\"},\"potentialAction\":[{\"@type\":\"SearchAction\",\"target\":{\"@type\":\"EntryPoint\",\"urlTemplate\":\"https:\\\/\\\/www.andreia.at\\\/en\\\/?s={search_term_string}\"},\"query-input\":{\"@type\":\"PropertyValueSpecification\",\"valueRequired\":true,\"valueName\":\"search_term_string\"}}],\"inLanguage\":\"en-US\"},{\"@type\":\"Organization\",\"@id\":\"https:\\\/\\\/www.andreia.at\\\/en\\\/#organization\",\"name\":\"Andre\u00eda - Mut f\u00fcr bewusste \u00dcberg\u00e4nge\",\"url\":\"https:\\\/\\\/www.andreia.at\\\/en\\\/\",\"logo\":{\"@type\":\"ImageObject\",\"inLanguage\":\"en-US\",\"@id\":\"https:\\\/\\\/www.andreia.at\\\/en\\\/#\\\/schema\\\/logo\\\/image\\\/\",\"url\":\"https:\\\/\\\/www.andreia.at\\\/wp-content\\\/uploads\\\/2026\\\/01\\\/ANDREIA-4-EN-quer-scaled.png\",\"contentUrl\":\"https:\\\/\\\/www.andreia.at\\\/wp-content\\\/uploads\\\/2026\\\/01\\\/ANDREIA-4-EN-quer-scaled.png\",\"width\":2560,\"height\":881,\"caption\":\"Andre\u00eda - Mut f\u00fcr bewusste \u00dcberg\u00e4nge\"},\"image\":{\"@id\":\"https:\\\/\\\/www.andreia.at\\\/en\\\/#\\\/schema\\\/logo\\\/image\\\/\"}}]}<\/script>\n<!-- \/ Yoast SEO plugin. -->","yoast_head_json":{"title":"Contact - Andre\u00eda - Mut f\u00fcr bewusste \u00dcberg\u00e4nge","robots":{"index":"index","follow":"follow","max-snippet":"max-snippet:-1","max-image-preview":"max-image-preview:large","max-video-preview":"max-video-preview:-1"},"canonical":"https:\/\/www.andreia.at\/en\/contact\/","og_locale":"en_US","og_type":"article","og_title":"Contact - Andre\u00eda - Mut f\u00fcr bewusste \u00dcberg\u00e4nge","og_description":"Contact Here&#8217;s how to reach andre\u00eda. Institut Viehauser \u2013 Art &amp; Culture Association for the Promotion of HealthcareZVR number: 1833085161Eckpergasse 39\u2013411180 Vienna Association President:Mag. Andrea ViehauserPhone: +43 664 88462037Mail: office@andreia.at To the contact form Contact form If you would prefer to contact us in writing, you can use the following form and we will get&hellip;&nbsp;","og_url":"https:\/\/www.andreia.at\/en\/contact\/","og_site_name":"Andre\u00eda - Mut f\u00fcr bewusste \u00dcberg\u00e4nge","article_modified_time":"2026-01-12T09:42:55+00:00","og_image":[{"width":2560,"height":1707,"url":"https:\/\/www.andreia.at\/wp-content\/uploads\/2026\/01\/Pic-5-Andi-schreibt-scaled.jpg","type":"image\/jpeg"}],"twitter_card":"summary_large_image","schema":{"@context":"https:\/\/schema.org","@graph":[{"@type":"WebPage","@id":"https:\/\/www.andreia.at\/en\/contact\/","url":"https:\/\/www.andreia.at\/en\/contact\/","name":"Contact - Andre\u00eda - Mut f\u00fcr bewusste \u00dcberg\u00e4nge","isPartOf":{"@id":"https:\/\/www.andreia.at\/en\/#website"},"primaryImageOfPage":{"@id":"https:\/\/www.andreia.at\/en\/contact\/#primaryimage"},"image":{"@id":"https:\/\/www.andreia.at\/en\/contact\/#primaryimage"},"thumbnailUrl":"https:\/\/www.andreia.at\/wp-content\/uploads\/2026\/01\/Pic-5-Andi-schreibt-1024x683.jpg","datePublished":"2025-12-17T09:35:41+00:00","dateModified":"2026-01-12T09:42:55+00:00","breadcrumb":{"@id":"https:\/\/www.andreia.at\/en\/contact\/#breadcrumb"},"inLanguage":"en-US","potentialAction":[{"@type":"ReadAction","target":["https:\/\/www.andreia.at\/en\/contact\/"]}]},{"@type":"ImageObject","inLanguage":"en-US","@id":"https:\/\/www.andreia.at\/en\/contact\/#primaryimage","url":"https:\/\/www.andreia.at\/wp-content\/uploads\/2026\/01\/Pic-5-Andi-schreibt-1024x683.jpg","contentUrl":"https:\/\/www.andreia.at\/wp-content\/uploads\/2026\/01\/Pic-5-Andi-schreibt-1024x683.jpg"},{"@type":"BreadcrumbList","@id":"https:\/\/www.andreia.at\/en\/contact\/#breadcrumb","itemListElement":[{"@type":"ListItem","position":1,"name":"Start","item":"https:\/\/www.andreia.at\/en\/home\/"},{"@type":"ListItem","position":2,"name":"Contact"}]},{"@type":"WebSite","@id":"https:\/\/www.andreia.at\/en\/#website","url":"https:\/\/www.andreia.at\/en\/","name":"Andre\u00eda - Mut f\u00fcr bewusste \u00dcberg\u00e4nge","description":"Bewusstseinserweiternde Substanzen","publisher":{"@id":"https:\/\/www.andreia.at\/en\/#organization"},"potentialAction":[{"@type":"SearchAction","target":{"@type":"EntryPoint","urlTemplate":"https:\/\/www.andreia.at\/en\/?s={search_term_string}"},"query-input":{"@type":"PropertyValueSpecification","valueRequired":true,"valueName":"search_term_string"}}],"inLanguage":"en-US"},{"@type":"Organization","@id":"https:\/\/www.andreia.at\/en\/#organization","name":"Andre\u00eda - Mut f\u00fcr bewusste \u00dcberg\u00e4nge","url":"https:\/\/www.andreia.at\/en\/","logo":{"@type":"ImageObject","inLanguage":"en-US","@id":"https:\/\/www.andreia.at\/en\/#\/schema\/logo\/image\/","url":"https:\/\/www.andreia.at\/wp-content\/uploads\/2026\/01\/ANDREIA-4-EN-quer-scaled.png","contentUrl":"https:\/\/www.andreia.at\/wp-content\/uploads\/2026\/01\/ANDREIA-4-EN-quer-scaled.png","width":2560,"height":881,"caption":"Andre\u00eda - Mut f\u00fcr bewusste \u00dcberg\u00e4nge"},"image":{"@id":"https:\/\/www.andreia.at\/en\/#\/schema\/logo\/image\/"}}]}},"_links":{"self":[{"href":"https:\/\/www.andreia.at\/en\/wp-json\/wp\/v2\/pages\/574","targetHints":{"allow":["GET"]}}],"collection":[{"href":"https:\/\/www.andreia.at\/en\/wp-json\/wp\/v2\/pages"}],"about":[{"href":"https:\/\/www.andreia.at\/en\/wp-json\/wp\/v2\/types\/page"}],"author":[{"embeddable":true,"href":"https:\/\/www.andreia.at\/en\/wp-json\/wp\/v2\/users\/2"}],"replies":[{"embeddable":true,"href":"https:\/\/www.andreia.at\/en\/wp-json\/wp\/v2\/comments?post=574"}],"version-history":[{"count":3,"href":"https:\/\/www.andreia.at\/en\/wp-json\/wp\/v2\/pages\/574\/revisions"}],"predecessor-version":[{"id":749,"href":"https:\/\/www.andreia.at\/en\/wp-json\/wp\/v2\/pages\/574\/revisions\/749"}],"wp:attachment":[{"href":"https:\/\/www.andreia.at\/en\/wp-json\/wp\/v2\/media?parent=574"}],"curies":[{"name":"wp","href":"https:\/\/api.w.org\/{rel}","templated":true}]}}